{"id":6045,"date":"2024-05-03T22:42:56","date_gmt":"2024-05-03T22:42:56","guid":{"rendered":"http:\/\/flex-track.de\/?page_id=6045"},"modified":"2025-06-09T10:44:33","modified_gmt":"2025-06-09T10:44:33","slug":"impressum","status":"publish","type":"page","link":"https:\/\/flex-track.de\/en\/impressum\/","title":{"rendered":"Legal Notice"},"content":{"rendered":"<div id=\"fws_69e7733a3deb3\"  data-column-margin=\"default\" data-midnight=\"dark\"  class=\"wpb_row vc_row-fluid vc_row\"  style=\"padding-top: 0px; padding-bottom: 0px; \"><div class=\"row-bg-wrap\" data-bg-animation=\"none\" data-bg-animation-delay=\"\" data-bg-overlay=\"false\"><div class=\"inner-wrap row-bg-layer\" ><div class=\"row-bg viewport-desktop\"  style=\"\"><\/div><\/div><\/div><div class=\"row_col_wrap_12 col span_12 dark left\">\n\t<div  class=\"vc_col-sm-12 wpb_column column_container vc_column_container col no-extra-padding inherit_tablet inherit_phone\"  data-padding-pos=\"all\" data-has-bg-color=\"false\" data-bg-color=\"\" data-bg-opacity=\"1\" data-animation=\"\" data-delay=\"0\" >\n\t\t<div class=\"vc_column-inner\" >\n\t\t\t<div class=\"wpb_wrapper\">\n\t\t\t\t<div class=\"divider-wrap\" data-alignment=\"default\"><div style=\"height: 25px;\" class=\"divider\"><\/div><\/div>\n<div class=\"wpb_text_column wpb_content_element\" >\n\t<div class=\"wpb_wrapper\">\n\t\t<h1>Legal Notice<\/h1>\n\t<\/div>\n<\/div>\n\n\n\n<div class=\"divider-wrap\" data-alignment=\"default\"><div style=\"height: 25px;\" class=\"divider\"><\/div><\/div>\n<div class=\"wpb_text_column wpb_content_element\" >\n\t<div class=\"wpb_wrapper\">\n\t\t<p><strong>Provider:<\/strong><br \/>\nMittelweser R\u00fcckbau &amp; Recycling GmbH<br \/>\nBrokeloher Strasse 8-12<br \/>\nD-31628 Landesbergen<br \/>\nTel.: +4915123070917<span class=\"ui-provider azy azz baa bab bac bae baf bag bah bai baj bak bal bam ban bao bap baq bar bas bat bau bav baw bax bay baz bba bbb bbc bbd bbe bbf bbg bbh\" dir=\"ltr\"><br \/>\n<span class=\"ui-provider bfe bff bfg bfh bfi bfj bfk bfl bfm bfn bfo bfp bfq bfr bfs bft bfu bfv bfw bfx bfy bfz bga bgb bgc bgd bge bgf bgg bgh bgi bgj bgk bgl bgm\" dir=\"ltr\">Email: <a class=\"fui-Link ___1rxvrpe f2hkw1w f3rmtva f1ewtqcl fyind8e f1k6fduh f1w7gpdv fk6fouc fjoy568 figsok6 f1hu3pq6 f11qmguv f19f4twv f1tyq0we f1g0x7ka fhxju0i f1qch9an f1cnd47f fqv5qza f1vmzxwi f1o700av f13mvf36 f1cmlufx f9n3di6 f1ids18y f1tx3yz7 f1deo86v f1eh06m1 f1iescvh fhgqx19 f1olyrje f1p93eir f1nev41a f1h8hb77 f1lqvz6u f10aw75t fsle3fq f17ae5zn\" title=\"mailto:info@flex-track.de\" href=\"mailto:info@flex-track.de\" target=\"_blank\" rel=\"noreferrer noopener\" aria-label=\"Link info@flex-track.de\">info@flex-track.de<\/a><\/span><br \/>\n<\/span><\/p>\n<p><strong>Chief Executive Officers:<br \/>\n<\/strong><span class=\"ui-provider bmq bmr c d e f g h i j k l m n o p q r s t bms bmt w x y z ab ac ae af ag ah ai aj ak\" dir=\"ltr\">Dennis Heineking, <span class=\"ui-provider bfe bff bfg bfh bfi bfj bfk bfl bfm bfn bfo bfp bfq bfr bfs bft bfu bfv bfw bfx bfy bfz bga bgb bgc bgd bge bgf bgg bgh bgi bgj bgk bgl bgm\" dir=\"ltr\">Marc Heineking<\/span> &amp; Thomas H\u00e4rtel\u00a0<\/span><\/p>\n<p>UST-Id-Nr.: DE <span class=\"ui-provider byv byw bjw byx byy byz bza bzb bzc bzd bze bzf bzg bzh bzi bzj bzk bzl bzm bzn bzo bzp bzq bzr bzs bzt bzu bzv bzw bzx bzy bzz caa cab cac\" dir=\"ltr\">362 495 723<\/span><br \/>\nCommercial register: Amtsgericht Walsrode, HRB <span class=\"ui-provider byv byw bjw byx byy byz bza bzb bzc bzd bze bzf bzg bzh bzi bzj bzk bzl bzm bzn bzo bzp bzq bzr bzs bzt bzu bzv bzw bzx bzy bzz caa cab cac\" dir=\"ltr\">211227<\/span><br \/>\nLegal form: limited liability company<\/p>\n<p><strong>Disclaimer<\/strong><\/p>\n<p><strong>1. Content of the online offer<\/strong><\/p>\n<p align=\"justify\">The author assumes no liability for the topicality, correctness, completeness or quality of the information provided. Liability claims against the author relating to material or immaterial damage caused by the use or non-use of the information provided or by the use of incorrect or incomplete information are fundamentally excluded, unless there is evidence of wilful intent or gross negligence on the part of the author.<\/p>\n<p align=\"justify\">All offers are subject to change and non-binding. The author expressly reserves the right to change, supplement or delete parts of the pages or the entire offer without prior notice or to cease publication temporarily or permanently.<\/p>\n<p><strong>2. References and links<\/strong><\/p>\n<p align=\"justify\">The author is not responsible for any contents linked or referred to from his pages - unless he has full knowledge of illegal contents and would be able to prevent the visitors of his site from viewing those pages.<\/p>\n<p align=\"justify\">The author therefore expressly declares that the linked pages were free of illegal content at the time the links were created. The author has no influence whatsoever on the current and future design and content of the linked pages. The author therefore expressly distances himself from all contents of all linked pages that were changed after the link was created. This statement applies to all links and references set within the author's own website as well as to third-party entries in guest books, discussion forums and mailing lists set up by the author. Liability for illegal, incorrect or incomplete content and in particular for damages resulting from the use or non-use of such information lies solely with the provider of the page to which reference is made, and not with the person who merely refers to the respective publication via links.<\/p>\n<p><strong>3. Copyright and trademark rights<\/strong><\/p>\n<p align=\"justify\">The author endeavors to observe the copyrights of the graphics, sound documents, video sequences and texts used in all publications, to use graphics, sound documents, video sequences and texts created by himself or to use license-free graphics, sound documents, video sequences and texts.<\/p>\n<p align=\"justify\">All brand names and trademarks mentioned on the website and possibly protected by third parties are subject without restriction to the provisions of the applicable trademark law and the ownership rights of the respective registered owners. The mere mention of a trademark does not imply that it is not protected by third-party rights!<\/p>\n<p align=\"justify\">The copyright for published objects created by the author himself remains solely with the author of the pages. Any duplication or use of objects such as diagrams, sounds or texts in other electronic or printed publications is not permitted without the author's agreement.<\/p>\n<p><strong>4. Legal validity of this disclaimer<\/strong><\/p>\n<p align=\"justify\">This disclaimer is to be regarded as part of the internet publication which you were referred from. If sections or individual terms of this statement are not legal or correct, the content or validity of the other parts remain uninfluenced by this fact.<\/p>\n\t<\/div>\n<\/div>\n\n\n\n\n\t\t\t<\/div> \n\t\t<\/div>\n\t<\/div> \n<\/div><\/div>","protected":false},"excerpt":{"rendered":"Impressum Anbieter: Mittelweser R\u00fcckbau &amp; Recycling GmbH Brokeloher Strasse 8-12 D-31628 Landesbergen Tel.: +4915123070917 Email: info@flex-track.de Gesch\u00e4ftsf\u00fchrer: Dennis Heineking, Marc Heineking &amp; Thomas H\u00e4rtel\u00a0 UST-Id-Nr.: DE 362 495 723 Handelsregister:...","protected":false},"author":1,"featured_media":0,"parent":0,"menu_order":0,"comment_status":"closed","ping_status":"closed","template":"","meta":{"footnotes":""},"class_list":["post-6045","page","type-page","status-publish"],"yoast_head":"<!-- This site is optimized with the Yoast SEO plugin v27.3 - https:\/\/yoast.com\/product\/yoast-seo-wordpress\/ -->\n<title>Impressum - FLEXTRACK<\/title>\n<meta name=\"robots\" content=\"index, follow, max-snippet:-1, max-image-preview:large, max-video-preview:-1\" \/>\n<link rel=\"canonical\" href=\"https:\/\/flex-track.de\/en\/impressum\/\" \/>\n<meta property=\"og:locale\" content=\"en_US\" \/>\n<meta property=\"og:type\" content=\"article\" \/>\n<meta property=\"og:title\" content=\"Impressum - FLEXTRACK\" \/>\n<meta property=\"og:url\" content=\"https:\/\/flex-track.de\/en\/impressum\/\" \/>\n<meta property=\"og:site_name\" content=\"FLEXTRACK\" \/>\n<meta property=\"article:modified_time\" content=\"2025-06-09T10:44:33+00:00\" \/>\n<meta name=\"twitter:card\" content=\"summary_large_image\" \/>\n<meta name=\"twitter:label1\" content=\"Est. reading time\" \/>\n\t<meta name=\"twitter:data1\" content=\"4 minutes\" \/>\n<script type=\"application\/ld+json\" class=\"yoast-schema-graph\">{\"@context\":\"https:\\\/\\\/schema.org\",\"@graph\":[{\"@type\":\"WebPage\",\"@id\":\"https:\\\/\\\/flex-track.de\\\/impressum\\\/\",\"url\":\"https:\\\/\\\/flex-track.de\\\/impressum\\\/\",\"name\":\"Impressum - FLEXTRACK\",\"isPartOf\":{\"@id\":\"https:\\\/\\\/flex-track.de\\\/#website\"},\"datePublished\":\"2024-05-03T22:42:56+00:00\",\"dateModified\":\"2025-06-09T10:44:33+00:00\",\"breadcrumb\":{\"@id\":\"https:\\\/\\\/flex-track.de\\\/impressum\\\/#breadcrumb\"},\"inLanguage\":\"en-US\",\"potentialAction\":[{\"@type\":\"ReadAction\",\"target\":[\"https:\\\/\\\/flex-track.de\\\/impressum\\\/\"]}]},{\"@type\":\"BreadcrumbList\",\"@id\":\"https:\\\/\\\/flex-track.de\\\/impressum\\\/#breadcrumb\",\"itemListElement\":[{\"@type\":\"ListItem\",\"position\":1,\"name\":\"Startseite\",\"item\":\"https:\\\/\\\/flex-track.de\\\/\"},{\"@type\":\"ListItem\",\"position\":2,\"name\":\"Impressum\"}]},{\"@type\":\"WebSite\",\"@id\":\"https:\\\/\\\/flex-track.de\\\/#website\",\"url\":\"https:\\\/\\\/flex-track.de\\\/\",\"name\":\"FLEXTRACK\",\"description\":\"Fahrplatten mieten \u2013 schnell und unkompliziert \u2013 robust und flexibel\",\"publisher\":{\"@id\":\"https:\\\/\\\/flex-track.de\\\/#organization\"},\"potentialAction\":[{\"@type\":\"SearchAction\",\"target\":{\"@type\":\"EntryPoint\",\"urlTemplate\":\"https:\\\/\\\/flex-track.de\\\/?s={search_term_string}\"},\"query-input\":{\"@type\":\"PropertyValueSpecification\",\"valueRequired\":true,\"valueName\":\"search_term_string\"}}],\"inLanguage\":\"en-US\"},{\"@type\":\"Organization\",\"@id\":\"https:\\\/\\\/flex-track.de\\\/#organization\",\"name\":\"FLEXTRACK\",\"url\":\"https:\\\/\\\/flex-track.de\\\/\",\"logo\":{\"@type\":\"ImageObject\",\"inLanguage\":\"en-US\",\"@id\":\"https:\\\/\\\/flex-track.de\\\/#\\\/schema\\\/logo\\\/image\\\/\",\"url\":\"https:\\\/\\\/flex-track.de\\\/wp-content\\\/uploads\\\/2024\\\/05\\\/cropped-logo-500px.webp\",\"contentUrl\":\"https:\\\/\\\/flex-track.de\\\/wp-content\\\/uploads\\\/2024\\\/05\\\/cropped-logo-500px.webp\",\"width\":512,\"height\":512,\"caption\":\"FLEXTRACK\"},\"image\":{\"@id\":\"https:\\\/\\\/flex-track.de\\\/#\\\/schema\\\/logo\\\/image\\\/\"}}]}<\/script>\n<!-- \/ Yoast SEO plugin. -->","yoast_head_json":{"title":"Impressum - FLEXTRACK","robots":{"index":"index","follow":"follow","max-snippet":"max-snippet:-1","max-image-preview":"max-image-preview:large","max-video-preview":"max-video-preview:-1"},"canonical":"https:\/\/flex-track.de\/en\/impressum\/","og_locale":"en_US","og_type":"article","og_title":"Impressum - FLEXTRACK","og_url":"https:\/\/flex-track.de\/en\/impressum\/","og_site_name":"FLEXTRACK","article_modified_time":"2025-06-09T10:44:33+00:00","twitter_card":"summary_large_image","twitter_misc":{"Est. reading time":"4 minutes"},"schema":{"@context":"https:\/\/schema.org","@graph":[{"@type":"WebPage","@id":"https:\/\/flex-track.de\/impressum\/","url":"https:\/\/flex-track.de\/impressum\/","name":"Impressum - FLEXTRACK","isPartOf":{"@id":"https:\/\/flex-track.de\/#website"},"datePublished":"2024-05-03T22:42:56+00:00","dateModified":"2025-06-09T10:44:33+00:00","breadcrumb":{"@id":"https:\/\/flex-track.de\/impressum\/#breadcrumb"},"inLanguage":"en-US","potentialAction":[{"@type":"ReadAction","target":["https:\/\/flex-track.de\/impressum\/"]}]},{"@type":"BreadcrumbList","@id":"https:\/\/flex-track.de\/impressum\/#breadcrumb","itemListElement":[{"@type":"ListItem","position":1,"name":"Startseite","item":"https:\/\/flex-track.de\/"},{"@type":"ListItem","position":2,"name":"Impressum"}]},{"@type":"WebSite","@id":"https:\/\/flex-track.de\/#website","url":"https:\/\/flex-track.de\/","name":"FLEXTRACK","description":"Fahrplatten mieten \u2013 schnell und unkompliziert \u2013 robust und flexibel","publisher":{"@id":"https:\/\/flex-track.de\/#organization"},"potentialAction":[{"@type":"SearchAction","target":{"@type":"EntryPoint","urlTemplate":"https:\/\/flex-track.de\/?s={search_term_string}"},"query-input":{"@type":"PropertyValueSpecification","valueRequired":true,"valueName":"search_term_string"}}],"inLanguage":"en-US"},{"@type":"Organization","@id":"https:\/\/flex-track.de\/#organization","name":"FLEXTRACK","url":"https:\/\/flex-track.de\/","logo":{"@type":"ImageObject","inLanguage":"en-US","@id":"https:\/\/flex-track.de\/#\/schema\/logo\/image\/","url":"https:\/\/flex-track.de\/wp-content\/uploads\/2024\/05\/cropped-logo-500px.webp","contentUrl":"https:\/\/flex-track.de\/wp-content\/uploads\/2024\/05\/cropped-logo-500px.webp","width":512,"height":512,"caption":"FLEXTRACK"},"image":{"@id":"https:\/\/flex-track.de\/#\/schema\/logo\/image\/"}}]}},"_links":{"self":[{"href":"https:\/\/flex-track.de\/en\/wp-json\/wp\/v2\/pages\/6045","targetHints":{"allow":["GET"]}}],"collection":[{"href":"https:\/\/flex-track.de\/en\/wp-json\/wp\/v2\/pages"}],"about":[{"href":"https:\/\/flex-track.de\/en\/wp-json\/wp\/v2\/types\/page"}],"author":[{"embeddable":true,"href":"https:\/\/flex-track.de\/en\/wp-json\/wp\/v2\/users\/1"}],"replies":[{"embeddable":true,"href":"https:\/\/flex-track.de\/en\/wp-json\/wp\/v2\/comments?post=6045"}],"version-history":[{"count":7,"href":"https:\/\/flex-track.de\/en\/wp-json\/wp\/v2\/pages\/6045\/revisions"}],"predecessor-version":[{"id":6341,"href":"https:\/\/flex-track.de\/en\/wp-json\/wp\/v2\/pages\/6045\/revisions\/6341"}],"wp:attachment":[{"href":"https:\/\/flex-track.de\/en\/wp-json\/wp\/v2\/media?parent=6045"}],"curies":[{"name":"wp","href":"https:\/\/api.w.org\/{rel}","templated":true}]}}