{"id":6018,"date":"2024-05-02T17:50:37","date_gmt":"2024-05-02T17:50:37","guid":{"rendered":"http:\/\/flex-track.de\/?page_id=6018"},"modified":"2025-02-16T23:14:12","modified_gmt":"2025-02-16T23:14:12","slug":"fahrplatten-mieten","status":"publish","type":"page","link":"https:\/\/flex-track.de\/en\/fahrplatten-mieten\/","title":{"rendered":"Rent floor plates"},"content":{"rendered":"<div id=\"toolrow\"  data-column-margin=\"default\" data-midnight=\"dark\"  class=\"wpb_row vc_row-fluid vc_row full-width-content vc_row-o-full-height vc_row-o-columns-top vc_row-o-equal-height vc_row-flex vc_row-o-content-top  top_padding_tablet_0px top_padding_phone_0px\"  style=\"padding-top: 25px; padding-bottom: 0px; \"><div class=\"row-bg-wrap\" data-bg-animation=\"none\" data-bg-animation-delay=\"\" data-bg-overlay=\"false\"><div class=\"inner-wrap row-bg-layer\" ><div class=\"row-bg viewport-desktop using-bg-color\"  style=\"background-color: #dbdbdb; \"><\/div><\/div><\/div><div class=\"row_col_wrap_12 col span_12 dark left\">\n\t<div  class=\"vc_col-sm-12 wpb_column column_container vc_column_container col no-extra-padding inherit_tablet inherit_phone\"  data-padding-pos=\"all\" data-has-bg-color=\"false\" data-bg-color=\"\" data-bg-opacity=\"1\" data-animation=\"\" data-delay=\"0\" >\n\t\t<div class=\"vc_column-inner\" >\n\t\t\t<div class=\"wpb_wrapper\">\n\t\t\t\t\n<div class=\"wpb_text_column wpb_content_element\" >\n\t<div class=\"wpb_wrapper\">\n\t\t\n<div class=\"boilerplate-update-me\">\n<pre style=\"display: none;\">{\"TrpContentRestriction\":{\"restriction_type\":\"exclude\",\"selected_languages\":[],\"panel_open\":true}}<\/pre>\n<\/div>\n\t<\/div>\n<\/div>\n\n\n\n\n\t\t\t<\/div> \n\t\t<\/div>\n\t<\/div> \n<\/div><\/div>","protected":false},"excerpt":{"rendered":"","protected":false},"author":1,"featured_media":0,"parent":0,"menu_order":0,"comment_status":"closed","ping_status":"closed","template":"","meta":{"footnotes":""},"class_list":["post-6018","page","type-page","status-publish"],"yoast_head":"<!-- This site is optimized with the Yoast SEO plugin v27.3 - https:\/\/yoast.com\/product\/yoast-seo-wordpress\/ -->\n<title>Fahrplatten mieten - FLEXTRACK<\/title>\n<meta name=\"description\" content=\"Robuste und flexible Fahrplatten mieten in wenigen Schritten. FLEXTRACK bieten Bodenschutzplatten f\u00fcr Bauunternehmen, Eventveranstalter und industrielle Anwendungen. Unsere breite Auswahl an mobilen Baustra\u00dfen sind leicht zu installieren und demontieren. Profitieren Sie von unserer Fachberatung f\u00fcr Ihr Projekt.\" \/>\n<meta name=\"robots\" content=\"index, follow, max-snippet:-1, max-image-preview:large, max-video-preview:-1\" \/>\n<link rel=\"canonical\" href=\"https:\/\/flex-track.de\/en\/fahrplatten-mieten\/\" \/>\n<meta property=\"og:locale\" content=\"en_US\" \/>\n<meta property=\"og:type\" content=\"article\" \/>\n<meta property=\"og:title\" content=\"Fahrplatten mieten - FLEXTRACK\" \/>\n<meta property=\"og:description\" content=\"Robuste und flexible Fahrplatten mieten in wenigen Schritten. FLEXTRACK bieten Bodenschutzplatten f\u00fcr Bauunternehmen, Eventveranstalter und industrielle Anwendungen. Unsere breite Auswahl an mobilen Baustra\u00dfen sind leicht zu installieren und demontieren. Profitieren Sie von unserer Fachberatung f\u00fcr Ihr Projekt.\" \/>\n<meta property=\"og:url\" content=\"https:\/\/flex-track.de\/en\/fahrplatten-mieten\/\" \/>\n<meta property=\"og:site_name\" content=\"FLEXTRACK\" \/>\n<meta property=\"article:modified_time\" content=\"2025-02-16T23:14:12+00:00\" \/>\n<meta name=\"twitter:card\" content=\"summary_large_image\" \/>\n<meta name=\"twitter:label1\" content=\"Est. reading time\" \/>\n\t<meta name=\"twitter:data1\" content=\"1 minute\" \/>\n<script type=\"application\/ld+json\" class=\"yoast-schema-graph\">{\"@context\":\"https:\\\/\\\/schema.org\",\"@graph\":[{\"@type\":\"WebPage\",\"@id\":\"https:\\\/\\\/flex-track.de\\\/fahrplatten-mieten\\\/\",\"url\":\"https:\\\/\\\/flex-track.de\\\/fahrplatten-mieten\\\/\",\"name\":\"Fahrplatten mieten - FLEXTRACK\",\"isPartOf\":{\"@id\":\"https:\\\/\\\/flex-track.de\\\/#website\"},\"datePublished\":\"2024-05-02T17:50:37+00:00\",\"dateModified\":\"2025-02-16T23:14:12+00:00\",\"description\":\"Robuste und flexible Fahrplatten mieten in wenigen Schritten. FLEXTRACK bieten Bodenschutzplatten f\u00fcr Bauunternehmen, Eventveranstalter und industrielle Anwendungen. Unsere breite Auswahl an mobilen Baustra\u00dfen sind leicht zu installieren und demontieren. Profitieren Sie von unserer Fachberatung f\u00fcr Ihr Projekt.\",\"breadcrumb\":{\"@id\":\"https:\\\/\\\/flex-track.de\\\/fahrplatten-mieten\\\/#breadcrumb\"},\"inLanguage\":\"en-US\",\"potentialAction\":[{\"@type\":\"ReadAction\",\"target\":[\"https:\\\/\\\/flex-track.de\\\/fahrplatten-mieten\\\/\"]}]},{\"@type\":\"BreadcrumbList\",\"@id\":\"https:\\\/\\\/flex-track.de\\\/fahrplatten-mieten\\\/#breadcrumb\",\"itemListElement\":[{\"@type\":\"ListItem\",\"position\":1,\"name\":\"Startseite\",\"item\":\"https:\\\/\\\/flex-track.de\\\/\"},{\"@type\":\"ListItem\",\"position\":2,\"name\":\"Fahrplatten mieten\"}]},{\"@type\":\"WebSite\",\"@id\":\"https:\\\/\\\/flex-track.de\\\/#website\",\"url\":\"https:\\\/\\\/flex-track.de\\\/\",\"name\":\"FLEXTRACK\",\"description\":\"Fahrplatten mieten \u2013 schnell und unkompliziert \u2013 robust und flexibel\",\"publisher\":{\"@id\":\"https:\\\/\\\/flex-track.de\\\/#organization\"},\"potentialAction\":[{\"@type\":\"SearchAction\",\"target\":{\"@type\":\"EntryPoint\",\"urlTemplate\":\"https:\\\/\\\/flex-track.de\\\/?s={search_term_string}\"},\"query-input\":{\"@type\":\"PropertyValueSpecification\",\"valueRequired\":true,\"valueName\":\"search_term_string\"}}],\"inLanguage\":\"en-US\"},{\"@type\":\"Organization\",\"@id\":\"https:\\\/\\\/flex-track.de\\\/#organization\",\"name\":\"FLEXTRACK\",\"url\":\"https:\\\/\\\/flex-track.de\\\/\",\"logo\":{\"@type\":\"ImageObject\",\"inLanguage\":\"en-US\",\"@id\":\"https:\\\/\\\/flex-track.de\\\/#\\\/schema\\\/logo\\\/image\\\/\",\"url\":\"https:\\\/\\\/flex-track.de\\\/wp-content\\\/uploads\\\/2024\\\/05\\\/cropped-logo-500px.webp\",\"contentUrl\":\"https:\\\/\\\/flex-track.de\\\/wp-content\\\/uploads\\\/2024\\\/05\\\/cropped-logo-500px.webp\",\"width\":512,\"height\":512,\"caption\":\"FLEXTRACK\"},\"image\":{\"@id\":\"https:\\\/\\\/flex-track.de\\\/#\\\/schema\\\/logo\\\/image\\\/\"}}]}<\/script>\n<!-- \/ Yoast SEO plugin. -->","yoast_head_json":{"title":"Fahrplatten mieten - FLEXTRACK","description":"Robuste und flexible Fahrplatten mieten in wenigen Schritten. FLEXTRACK bieten Bodenschutzplatten f\u00fcr Bauunternehmen, Eventveranstalter und industrielle Anwendungen. Unsere breite Auswahl an mobilen Baustra\u00dfen sind leicht zu installieren und demontieren. Profitieren Sie von unserer Fachberatung f\u00fcr Ihr Projekt.","robots":{"index":"index","follow":"follow","max-snippet":"max-snippet:-1","max-image-preview":"max-image-preview:large","max-video-preview":"max-video-preview:-1"},"canonical":"https:\/\/flex-track.de\/en\/fahrplatten-mieten\/","og_locale":"en_US","og_type":"article","og_title":"Fahrplatten mieten - FLEXTRACK","og_description":"Robuste und flexible Fahrplatten mieten in wenigen Schritten. FLEXTRACK bieten Bodenschutzplatten f\u00fcr Bauunternehmen, Eventveranstalter und industrielle Anwendungen. Unsere breite Auswahl an mobilen Baustra\u00dfen sind leicht zu installieren und demontieren. Profitieren Sie von unserer Fachberatung f\u00fcr Ihr Projekt.","og_url":"https:\/\/flex-track.de\/en\/fahrplatten-mieten\/","og_site_name":"FLEXTRACK","article_modified_time":"2025-02-16T23:14:12+00:00","twitter_card":"summary_large_image","twitter_misc":{"Est. reading time":"1 minute"},"schema":{"@context":"https:\/\/schema.org","@graph":[{"@type":"WebPage","@id":"https:\/\/flex-track.de\/fahrplatten-mieten\/","url":"https:\/\/flex-track.de\/fahrplatten-mieten\/","name":"Fahrplatten mieten - FLEXTRACK","isPartOf":{"@id":"https:\/\/flex-track.de\/#website"},"datePublished":"2024-05-02T17:50:37+00:00","dateModified":"2025-02-16T23:14:12+00:00","description":"Robuste und flexible Fahrplatten mieten in wenigen Schritten. FLEXTRACK bieten Bodenschutzplatten f\u00fcr Bauunternehmen, Eventveranstalter und industrielle Anwendungen. Unsere breite Auswahl an mobilen Baustra\u00dfen sind leicht zu installieren und demontieren. Profitieren Sie von unserer Fachberatung f\u00fcr Ihr Projekt.","breadcrumb":{"@id":"https:\/\/flex-track.de\/fahrplatten-mieten\/#breadcrumb"},"inLanguage":"en-US","potentialAction":[{"@type":"ReadAction","target":["https:\/\/flex-track.de\/fahrplatten-mieten\/"]}]},{"@type":"BreadcrumbList","@id":"https:\/\/flex-track.de\/fahrplatten-mieten\/#breadcrumb","itemListElement":[{"@type":"ListItem","position":1,"name":"Startseite","item":"https:\/\/flex-track.de\/"},{"@type":"ListItem","position":2,"name":"Fahrplatten mieten"}]},{"@type":"WebSite","@id":"https:\/\/flex-track.de\/#website","url":"https:\/\/flex-track.de\/","name":"FLEXTRACK","description":"Fahrplatten mieten \u2013 schnell und unkompliziert \u2013 robust und flexibel","publisher":{"@id":"https:\/\/flex-track.de\/#organization"},"potentialAction":[{"@type":"SearchAction","target":{"@type":"EntryPoint","urlTemplate":"https:\/\/flex-track.de\/?s={search_term_string}"},"query-input":{"@type":"PropertyValueSpecification","valueRequired":true,"valueName":"search_term_string"}}],"inLanguage":"en-US"},{"@type":"Organization","@id":"https:\/\/flex-track.de\/#organization","name":"FLEXTRACK","url":"https:\/\/flex-track.de\/","logo":{"@type":"ImageObject","inLanguage":"en-US","@id":"https:\/\/flex-track.de\/#\/schema\/logo\/image\/","url":"https:\/\/flex-track.de\/wp-content\/uploads\/2024\/05\/cropped-logo-500px.webp","contentUrl":"https:\/\/flex-track.de\/wp-content\/uploads\/2024\/05\/cropped-logo-500px.webp","width":512,"height":512,"caption":"FLEXTRACK"},"image":{"@id":"https:\/\/flex-track.de\/#\/schema\/logo\/image\/"}}]}},"_links":{"self":[{"href":"https:\/\/flex-track.de\/en\/wp-json\/wp\/v2\/pages\/6018","targetHints":{"allow":["GET"]}}],"collection":[{"href":"https:\/\/flex-track.de\/en\/wp-json\/wp\/v2\/pages"}],"about":[{"href":"https:\/\/flex-track.de\/en\/wp-json\/wp\/v2\/types\/page"}],"author":[{"embeddable":true,"href":"https:\/\/flex-track.de\/en\/wp-json\/wp\/v2\/users\/1"}],"replies":[{"embeddable":true,"href":"https:\/\/flex-track.de\/en\/wp-json\/wp\/v2\/comments?post=6018"}],"version-history":[{"count":14,"href":"https:\/\/flex-track.de\/en\/wp-json\/wp\/v2\/pages\/6018\/revisions"}],"predecessor-version":[{"id":6329,"href":"https:\/\/flex-track.de\/en\/wp-json\/wp\/v2\/pages\/6018\/revisions\/6329"}],"wp:attachment":[{"href":"https:\/\/flex-track.de\/en\/wp-json\/wp\/v2\/media?parent=6018"}],"curies":[{"name":"wp","href":"https:\/\/api.w.org\/{rel}","templated":true}]}}